{"id":1830,"date":"2022-03-21T09:12:49","date_gmt":"2022-03-21T09:12:49","guid":{"rendered":"https:\/\/meadtech.com.vn\/hinh-thuc-thanh-toan\/"},"modified":"2022-03-21T09:12:49","modified_gmt":"2022-03-21T09:12:49","slug":"hinh-thuc-thanh-toan","status":"publish","type":"page","link":"https:\/\/meadtech.com.vn\/en\/hinh-thuc-thanh-toan\/","title":{"rendered":"H\u00ecnh th\u1ee9c thanh to\u00e1n"},"content":{"rendered":"<p><span style=\"font-weight: 400;\">\u0110\u1ec3 thanh to\u00e1n d\u1ecbch v\u1ee5 qu\u00fd kh\u00e1ch c\u00f3 th\u1ec3 ch\u1ecdn m\u1ed9t trong c\u00e1ch sau:<\/span><\/p>\n<ol>\n<li><b><i> Thanh to\u00e1n tr\u1ef1c ti\u1ebfp<\/i><\/b><\/li>\n<\/ol>\n<p><span style=\"font-weight: 400;\">Thanh to\u00e1n tr\u1ef1c ti\u1ebfp t\u1ea1i c\u00f4ng ty ch\u00fang t\u00f4i: <\/span><span style=\"font-weight: 400;\">Th\u00f4n \u0110\u1ed1ng Xung, X\u00e3 Th\u1eafng L\u1ee3i, Huy\u1ec7n Th\u01b0\u1eddng T\u00edn, Th\u00e0nh ph\u1ed1 H\u00e0 N\u1ed9i, Vi\u1ec7t Nam<\/span><\/p>\n<ol start=\"2\">\n<li><b><i> Thanh to\u00e1n qua ng\u00e2n h\u00e0ng<\/i><\/b><\/li>\n<\/ol>\n<p><span style=\"font-weight: 400;\">Thanh to\u00e1n qua ng\u00e2n h\u00e0ng: Qu\u00fd kh\u00e1ch vui l\u00f2ng chuy\u1ec3n kho\u1ea3n ho\u1eb7c n\u1ed9p tr\u1ef1c ti\u1ebfp v\u00e0o t\u00e0i kho\u1ea3n sau:<\/span><\/p>\n<p><span style=\"font-weight: 400;\">NG\u00c2N H\u00c0NG TMCP QU\u00c2N \u0110\u1ed8I \u2013 CHI NH\u00c1NH \u0110I\u1ec6N BI\u00caN PH\u1ee6<\/span><\/p>\n<p><span style=\"font-weight: 400;\">Chi nh\u00e1nh: PGD GI\u1ea2NG V\u00d5 \u2013 TP H\u00c0 N\u1ed8I<\/span><\/p>\n<p><span style=\"font-weight: 400;\">T\u00ean t\u00e0i kho\u1ea3n: C\u00f4ng Ty C\u1ed5 Ph\u1ea7n Gi\u1ea3i Ph\u00e1p K\u1ef9 Thu\u1eadt V\u00e0 C\u00f4ng Ngh\u1ec7 MEAD<\/span><\/p>\n<p><span style=\"font-weight: 400;\">S\u1ed1 t\u00e0i kho\u1ea3n: 616669996969<\/span><\/p>\n<p><span style=\"font-weight: 400;\">Sau khi chuy\u1ec3n kho\u1ea3n Qu\u00fd kh\u00e1ch vui l\u00f2ng email th\u00f4ng tin chuy\u1ec3n kho\u1ea3n c\u1ee7a Qu\u00fd kh\u00e1ch.<\/span><\/p>\n<p>&nbsp;<\/p>\n<ol start=\"3\">\n<li><b><i> Thu ph\u00ed t\u1eadn n\u01a1i:<\/i><\/b><\/li>\n<\/ol>\n<p><span style=\"font-weight: 400;\">\u0110\u1ed1i v\u1edbi nh\u00e2n vi\u00ean Thu ti\u1ec1n m\u1eb7t ph\u1ea3i c\u00f3 \u0111\u1ea7y \u0111\u1ee7 gi\u1ea5y t\u1edd sau: gi\u1ea5y gi\u1edbi thi\u1ec7u, h\u00f3a \u0111\u01a1n ho\u1eb7c phi\u1ebfu thu c\u00f3 d\u1ea5u m\u1ed9c c\u1ee7a <\/span><span style=\"font-weight: 400;\">C\u00f4ng Ty C\u1ed5 Ph\u1ea7n Gi\u1ea3i Ph\u00e1p K\u1ef9 Thu\u1eadt V\u00e0 C\u00f4ng Ngh\u1ec7 MEAD <\/span><span style=\"font-weight: 400;\">v\u00e0 phi\u1ebfu thu ph\u1ea3i c\u00f2n th\u1eddi h\u1ea1n s\u1eed d\u1ee5ng.<\/span><\/p>\n","protected":false},"excerpt":{"rendered":"<p>\u0110\u1ec3 thanh to\u00e1n d\u1ecbch v\u1ee5 qu\u00fd kh\u00e1ch c\u00f3 th\u1ec3 ch\u1ecdn m\u1ed9t trong c\u00e1ch sau: Thanh to\u00e1n tr\u1ef1c ti\u1ebfp Thanh to\u00e1n tr\u1ef1c ti\u1ebfp t\u1ea1i c\u00f4ng ty ch\u00fang t\u00f4i: Th\u00f4n \u0110\u1ed1ng Xung, X\u00e3 Th\u1eafng L\u1ee3i, Huy\u1ec7n Th\u01b0\u1eddng T\u00edn, Th\u00e0nh ph\u1ed1 H\u00e0 N\u1ed9i, Vi\u1ec7t Nam Thanh to\u00e1n qua ng\u00e2n h\u00e0ng Thanh to\u00e1n qua ng\u00e2n h\u00e0ng: Qu\u00fd kh\u00e1ch vui &#8230; <a title=\"H\u00ecnh th\u1ee9c thanh to\u00e1n\" class=\"read-more\" href=\"https:\/\/meadtech.com.vn\/en\/hinh-thuc-thanh-toan\/\" aria-label=\"More on H\u00ecnh th\u1ee9c thanh to\u00e1n\">Read more<\/a><\/p>\n","protected":false},"author":1,"featured_media":0,"parent":0,"menu_order":0,"comment_status":"closed","ping_status":"closed","template":"","meta":[],"_links":{"self":[{"href":"https:\/\/meadtech.com.vn\/en\/wp-json\/wp\/v2\/pages\/1830"}],"collection":[{"href":"https:\/\/meadtech.com.vn\/en\/wp-json\/wp\/v2\/pages"}],"about":[{"href":"https:\/\/meadtech.com.vn\/en\/wp-json\/wp\/v2\/types\/page"}],"author":[{"embeddable":true,"href":"https:\/\/meadtech.com.vn\/en\/wp-json\/wp\/v2\/users\/1"}],"replies":[{"embeddable":true,"href":"https:\/\/meadtech.com.vn\/en\/wp-json\/wp\/v2\/comments?post=1830"}],"version-history":[{"count":0,"href":"https:\/\/meadtech.com.vn\/en\/wp-json\/wp\/v2\/pages\/1830\/revisions"}],"wp:attachment":[{"href":"https:\/\/meadtech.com.vn\/en\/wp-json\/wp\/v2\/media?parent=1830"}],"curies":[{"name":"wp","href":"https:\/\/api.w.org\/{rel}","templated":true}]}}