{"id":1831,"date":"2022-03-21T09:10:49","date_gmt":"2022-03-21T09:10:49","guid":{"rendered":"https:\/\/meadtech.com.vn\/chinh-sach-bao-mat\/"},"modified":"2022-03-21T09:10:49","modified_gmt":"2022-03-21T09:10:49","slug":"chinh-sach-bao-mat","status":"publish","type":"page","link":"https:\/\/meadtech.com.vn\/en\/chinh-sach-bao-mat\/","title":{"rendered":"Ch\u00ednh s\u00e1ch b\u1ea3o m\u1eadt"},"content":{"rendered":"<p><b><i>Ch\u00ednh s\u00e1ch b\u1ea3o m\u1eadt th\u00f4ng tin c\u00e1 nh\u00e2n c\u1ee7a ng\u01b0\u1eddi d\u00f9ng:<\/i><\/b><\/p>\n<p>&nbsp;<\/p>\n<p><b>\u0110I\u1ec0U 1. S\u1ef0 CH\u1ea4P THU\u1eacN\u00a0<\/b><\/p>\n<p><span style=\"font-weight: 400;\">Sau khi kh\u00e1ch h\u00e0ng \u0111\u1ed3ng \u00fd, th\u00f4ng tin c\u1ee7a kh\u00e1ch h\u00e0ng s\u1ebd \u0111\u01b0\u1ee3c thu th\u1eadp b\u1edfi <\/span><span style=\"font-weight: 400;\">C\u00f4ng Ty C\u1ed5 Ph\u1ea7n Gi\u1ea3i Ph\u00e1p K\u1ef9 Thu\u1eadt V\u00e0 C\u00f4ng Ngh\u1ec7 Mead <\/span><span style=\"font-weight: 400;\">(\u201cCh\u00fang t\u00f4i\u201d, \u201c<\/span><span style=\"font-weight: 400;\">MeadTech<\/span><span style=\"font-weight: 400;\">\u201d), v\u00e0 \u0111\u01b0\u1ee3c s\u1eed d\u1ee5ng nh\u01b0 quy \u0111\u1ecbnh t\u1ea1i Ch\u00ednh s\u00e1ch B\u1ea3o m\u1eadt th\u00f4ng tin c\u00e1 nh\u00e2n c\u1ee7a ng\u01b0\u1eddi ti\u00eau d\u00f9ng (\u201cCh\u00ednh s\u00e1ch n\u00e0y\u201d). Tuy nhi\u00ean, khi kh\u00e1ch h\u00e0ng kh\u00f4ng \u0111\u1ed3ng \u00fd, kh\u00e1ch h\u00e0ng c\u00f3 th\u1ec3 d\u1eebng s\u1eed d\u1ee5ng d\u1ecbch v\u1ee5 v\u00e0 d\u1eebng vi\u1ec7c cung c\u1ea5p th\u00f4ng tin b\u1ea5t c\u1ee9 l\u00fac n\u00e0o.\u00a0<\/span><\/p>\n<p>&nbsp;<\/p>\n<p><span style=\"font-weight: 400;\">Ch\u00fang t\u00f4i s\u1ebd b\u1ea3o l\u01b0u quy\u1ec1n s\u1eeda \u0111\u1ed5i, b\u1ed5 sung nh\u1eb1m ho\u00e0n thi\u1ec7n \u0111\u1ed1i v\u1edbi Ch\u00ednh s\u00e1ch n\u00e0y. Ch\u00fang t\u00f4i khuy\u1ebfn kh\u00edch kh\u00e1ch h\u00e0ng th\u01b0\u1eddng xuy\u00ean xem l\u1ea1i Ch\u00ednh s\u00e1ch B\u1ea3o m\u1eadt th\u00f4ng tin c\u00e1 nh\u00e2n tr\u00ean <\/span><b>meadtech.com.vn<\/b><\/p>\n<p>&nbsp;<\/p>\n<p><b>\u0110I\u1ec0U 2. M\u1ee4C \u0110\u00cdCH THU TH\u1eacP TH\u00d4NG TIN\u00a0<\/b><\/p>\n<p>&nbsp;<\/p>\n<p><i><span style=\"font-weight: 400;\">TH\u00d4NG TIN IP (INTERNET PROTOCOL \u2013 GIAO TH\u1ee8C LI\u00caN M\u1ea0NG)\u00a0<\/span><\/i><\/p>\n<p><span style=\"font-weight: 400;\">Ch\u00fang t\u00f4i c\u00f3 th\u1ec3 thu th\u1eadp v\u00e0 x\u1eed l\u00fd &#8220;Th\u00f4ng tin IP&#8221; t\u1eeb b\u1ea1n.\u00a0\u00a0<\/span><\/p>\n<p>&nbsp;<\/p>\n<p><span style=\"font-weight: 400;\">Khi b\u1ea1n \u0111ang truy c\u1eadp v\u00e0o <\/span><b>meadtech.com.vn <\/b><span style=\"font-weight: 400;\">t\u1eeb m\u1ed9t thi\u1ebft b\u1ecb \u0111i\u1ec7n t\u1eed, ch\u00fang t\u00f4i c\u00f3 th\u1ec3 thu th\u1eadp d\u1eef li\u1ec7u nh\u1ea5t \u0111\u1ecbnh li\u00ean quan \u0111\u1ebfn vi\u1ec7c truy c\u1eadp m\u1ea1ng, ch\u1eb3ng h\u1ea1n nh\u01b0 \u0111\u1ecba ch\u1ec9 IP, lo\u1ea1i tr\u00ecnh duy\u1ec7t v\u00e0 h\u1ec7 \u0111i\u1ec1u h\u00e0nh, URL v\u00e0 c\u00e1c trang web b\u1ea1n truy c\u1eadp trong mi\u1ec1n web c\u1ee7a ch\u00fang t\u00f4i.\u00a0<\/span><\/p>\n<p>&nbsp;<\/p>\n<p><span style=\"font-weight: 400;\">Th\u00f4ng tin IP kh\u00f4ng thu th\u1eadp \u0111\u1ec3 x\u00e1c \u0111\u1ecbnh c\u00e1 nh\u00e2n c\u1ee5 th\u1ec3 n\u00e0o. Ch\u00fang t\u00f4i s\u1eed d\u1ee5ng d\u1eef li\u1ec7u \u0111\u00f3 ch\u1ec9 d\u00e0nh cho c\u00e1c m\u1ee5c \u0111\u00edch c\u1ee7a qu\u1ea3n tr\u1ecb h\u1ec7 th\u1ed1ng m\u00e1y ch\u1ee7, ph\u00e2n t\u00edch s\u1ed1 li\u1ec7u th\u1ed1ng k\u00ea v\u00e0 c\u00e1c xu h\u01b0\u1edbng, v\u00e0 \u0111\u1ec3 \u0111\u1ea3m b\u1ea3o r\u1eb1ng n\u1ed9i dung c\u1ee7a trang web n\u00e0y \u0111\u01b0\u1ee3c tr\u00ecnh b\u00e0y trong c\u00e1c \u0111\u1ecbnh d\u1ea1ng hi\u1ec7u qu\u1ea3 nh\u1ea5t tr\u00ean thi\u1ebft b\u1ecb \u0111i\u1ec7n t\u1eed c\u1ee7a b\u1ea1n, d\u00f9 \u0111\u00f3 l\u00e0 m\u1ed9t m\u00e1y t\u00ednh ho\u1eb7c \u0111i\u1ec7n tho\u1ea1i di \u0111\u1ed9ng.\u00a0<\/span><\/p>\n<p>&nbsp;<\/p>\n<p><span style=\"font-weight: 400;\">Ch\u00fang t\u00f4i c\u0169ng c\u00f3 th\u1ec3 thu th\u1eadp d\u1eef li\u1ec7u v\u1ec1 v\u1ecb tr\u00ed \u0111\u1ecba l\u00fd t\u1eeb n\u01a1i b\u1ea1n truy c\u1eadp <\/span><b>meadtech.com.vn<\/b><span style=\"font-weight: 400;\">, ch\u1eb3ng h\u1ea1n nh\u01b0 qu\u1ed1c gia v\u00e0 khu v\u1ef1c. Ch\u00fang t\u00f4i s\u1eed d\u1ee5ng d\u1eef li\u1ec7u n\u00e0y d\u00e0nh cho m\u1ee5c \u0111\u00edch th\u1ed1ng k\u00ea v\u00e0 \u0111\u1ec3 \u0111\u1ea3m b\u1ea3o r\u1eb1ng n\u1ed9i dung c\u1ee7a trang web n\u00e0y \u0111\u01b0\u1ee3c tr\u00ecnh b\u00e0y b\u1eb1ng ng\u00f4n ng\u1eef th\u00edch h\u1ee3p.\u00a0<\/span><\/p>\n<p>&nbsp;<\/p>\n<p><i><span style=\"font-weight: 400;\">TH\u00d4NG TIN C\u00c1 NH\u00c2N\u00a0<\/span><\/i><\/p>\n<p><span style=\"font-weight: 400;\">&#8211; <\/span><b>Meadtech.com.vn <\/b><span style=\"font-weight: 400;\">thu th\u1eadp th\u00f4ng tin khi kh\u00e1ch h\u00e0ng tr\u1ef1c ti\u1ebfp cung c\u1ea5p cho ch\u00fang t\u00f4i.<\/span><\/p>\n<p>&nbsp;<\/p>\n<p><span style=\"font-weight: 400;\">Khi b\u1ea1n li\u00ean h\u1ec7 v\u1edbi ch\u00fang t\u00f4i th\u00f4ng qua m\u1ee5c &#8220;Li\u00ean h\u1ec7&#8221;, ch\u00fang t\u00f4i thu th\u1eadp: H\u1ecd v\u00e0 t\u00ean &#8211; \u0110\u1ecba ch\u1ec9 th\u01b0 \u0111i\u1ec7n t\u1eed (email) &#8211; S\u1ed1 \u0111i\u1ec7n tho\u1ea1i. Ch\u00fang t\u00f4i s\u1eed d\u1ee5ng d\u1eef li\u1ec7u n\u00e0y ch\u1ec9 \u0111\u1ec3 l\u01b0u tr\u1eef h\u1ed3 s\u01a1 v\u1ec1 s\u1ef1 t\u01b0\u01a1ng t\u00e1c gi\u1eefa b\u1ea1n v\u00e0 ch\u00fang t\u00f4i. Truy v\u1ea5n ho\u1eb7c nh\u1eadn x\u00e9t c\u1ee7a b\u1ea1n s\u1ebd \u0111\u01b0\u1ee3c chuy\u1ec3n ti\u1ebfp t\u1edbi Ch\u0103m s\u00f3c kh\u00e1ch h\u00e0ng v\u00e0 ch\u00fang t\u00f4i s\u1ebd h\u1ed3i \u0111\u00e1p qua \u0111\u1ecba ch\u1ec9 email c\u1ee7a b\u1ea1n.\u00a0<\/span><\/p>\n<p>&nbsp;<\/p>\n<p><span style=\"font-weight: 400;\">&#8211; Ch\u00fang t\u00f4i c\u0169ng c\u00f3 th\u1ec3 l\u01b0u tr\u1eef th\u00f4ng tin c\u1ee7a b\u1ea1n trong h\u1ec7 d\u1eef li\u1ec7u c\u1ee7a m\u00ecnh khi ch\u00fang t\u00f4i x\u00e9t th\u1ea5y \u0111i\u1ec1u n\u00e0y c\u1ea7n thi\u1ebft cho ho\u1ea1t \u0111\u1ed9ng ti\u1ebfp th\u1ecb v\u00e0 cung c\u1ea5p cho b\u1ea1n th\u00f4ng tin v\u1ec1 s\u1ea3n ph\u1ea9m, d\u1ecbch v\u1ee5, \u01b0u \u0111\u00e3i v\u00e0 ch\u01b0\u01a1ng tr\u00ecnh khuy\u1ebfn m\u00e3i m\u00e0 b\u1ea1n y\u00eau c\u1ea7u ho\u1eb7c ch\u00fang t\u00f4i cho r\u1eb1ng nh\u1eefng th\u00f4ng tin n\u00e0y s\u1ebd h\u1eefu \u00edch cho b\u1ea1n. Theo \u0111\u00f3, b\u1ea1n c\u00f3 quy\u1ec1n y\u00eau c\u1ea7u ch\u00fang t\u00f4i kh\u00f4ng s\u1eed d\u1ee5ng d\u1eef li\u1ec7u c\u1ee7a b\u1ea1n cho m\u1ee5c \u0111\u00edch ti\u1ebfp th\u1ecb v\u00e0 h\u1ee7y \u0111\u0103ng k\u00fd t\u1eeb danh s\u00e1ch g\u1eedi th\u01b0 c\u1ee7a ch\u00fang t\u00f4i b\u1ea5t c\u1ee9 l\u00fac n\u00e0o.\u00a0<\/span><\/p>\n<p>&nbsp;<\/p>\n<p><i><span style=\"font-weight: 400;\">COOKIES\u00a0<\/span><\/i><\/p>\n<p><span style=\"font-weight: 400;\">Ch\u00fang t\u00f4i s\u1eed d\u1ee5ng cookie \u0111\u1ec3 c\u1ea3i thi\u1ec7n d\u1ecbch v\u1ee5 d\u1ef1a v\u00e0o th\u00f3i quen duy\u1ec7t web c\u1ee7a b\u1ea1n v\u00e0 \u0111\u1ec3 \u0111i\u1ec1u ch\u1ec9nh c\u00e1c n\u1ed9i dung c\u1ee7a trang web n\u00e0y theo s\u1edf th\u00edch c\u1ee7a b\u1ea1n.\u00a0<\/span><\/p>\n<p>&nbsp;<\/p>\n<p><span style=\"font-weight: 400;\">Cookie l\u00e0 m\u1ed9t ph\u1ea7n c\u1ee7a th\u00f4ng tin \u0111\u01b0\u1ee3c g\u1eedi b\u1edfi m\u00e1y ch\u1ee7 c\u1ee7a ch\u00fang t\u00f4i v\u00e0 l\u01b0u tr\u1eef b\u1edfi tr\u00ecnh duy\u1ec7t web c\u1ee7a b\u1ea1n. M\u1ed7i l\u1ea7n b\u1ea1n truy c\u1eadp <\/span><b>meadtech.com.vn<\/b><span style=\"font-weight: 400;\">, c\u00e1c th\u00f4ng tin sau \u0111\u00f3 \u0111\u01b0\u1ee3c g\u1eedi l\u1ea1i cho m\u00e1y ch\u1ee7 c\u1ee7a ch\u00fang t\u00f4i. \u0110i\u1ec1u n\u00e0y cho ph\u00e9p m\u00e1y ch\u1ee7 c\u1ee7a ch\u00fang t\u00f4i x\u00e1c \u0111\u1ecbnh truy c\u1eadp v\u00e0 thi\u1ebft l\u1eadp s\u1edf th\u00edch c\u1ee7a b\u1ea1n, nh\u01b0ng cookie kh\u00f4ng th\u1ec3 li\u00ean k\u1ebft v\u1edbi b\u1ea5t k\u1ef3 th\u00f4ng tin c\u00e1 nh\u00e2n n\u00e0o v\u1ec1 b\u1ea1n. Cookies theo phi\u00ean s\u1ebd t\u1ef1 \u0111\u1ed9ng b\u1ecb x\u00f3a kh\u1ecfi thi\u1ebft b\u1ecb \u0111i\u1ec7n t\u1eed c\u1ee7a b\u1ea1n khi b\u1ea1n \u0111\u00f3ng c\u00e1c tr\u00ecnh duy\u1ec7t web. Cookie \u0111\u00e3 l\u01b0u tr\u1eef s\u1ebd \u0111\u01b0\u1ee3c gi\u1eef cho \u0111\u1ebfn khi n\u00f3 \u0111\u01b0\u1ee3c x\u00f3a th\u1ee7 c\u00f4ng, ho\u1eb7c b\u1ecb qu\u00e1 h\u1ea1n.\u00a0<\/span><\/p>\n<p>&nbsp;<\/p>\n<p><span style=\"font-weight: 400;\">Ch\u00fang t\u00f4i c\u0169ng s\u1eed d\u1ee5ng Google Analytics \u0111\u1ec3 ph\u00e2n t\u00edch vi\u1ec7c b\u1ea1n s\u1eed d\u1ee5ng trang web c\u1ee7a ch\u00fang t\u00f4i. Google Analytics th\u1ed1ng k\u00ea th\u00f4ng tin s\u1eed d\u1ee5ng trang web b\u1eb1ng c\u00e1c ph\u01b0\u01a1ng ti\u1ec7n c\u1ee7a c\u00e1c t\u1eadp tin cookie \u0111\u00e3 \u0111\u01b0\u1ee3c l\u01b0u tr\u1eef tr\u00ean thi\u1ebft b\u1ecb \u0111i\u1ec7n t\u1eed c\u1ee7a b\u1ea1n. C\u00e1c th\u00f4ng tin \u0111\u01b0\u1ee3c t\u1ea1o ra l\u00e0 v\u00f4 danh v\u00e0 \u0111\u01b0\u1ee3c s\u1eed d\u1ee5ng \u0111\u1ec3 t\u1ea1o ra c\u00e1c b\u00e1o c\u00e1o v\u1ec1 vi\u1ec7c truy c\u1eadp v\u00e0 s\u1eed d\u1ee5ng c\u1ee7a trang web. Google l\u01b0u tr\u1eef nh\u1eefng th\u00f4ng tin n\u00e0y v\u00e0 s\u1eed d\u1ee5ng theo Ch\u00ednh s\u00e1ch b\u1ea3o m\u1eadt \u0111\u01b0\u1ee3c \u0111\u0103ng t\u1ea3i t\u1ea1i http:\/\/www.google.com\/privacypolicy.html. Vi\u1ec7c ti\u1ebfp t\u1ee5c s\u1eed d\u1ee5ng trang web n\u00e0y \u0111\u1ed3ng ngh\u0129a v\u1edbi vi\u1ec7c b\u1ea1n ch\u1ea5p nh\u1eadn ch\u00ednh s\u00e1ch cookie c\u1ee7a ch\u00fang t\u00f4i. N\u1ebfu b\u1ea1n kh\u00f4ng mu\u1ed1n ch\u1ea5p nh\u1eadn cookie c\u1ee7a ch\u00fang t\u00f4i, b\u1ea1n c\u00f3 th\u1ec3 c\u00e0i \u0111\u1eb7t tr\u00ecnh duy\u1ec7t web c\u1ee7a b\u1ea1n \u0111\u1ec3 t\u1eeb ch\u1ed1i ch\u00fang. Tuy nhi\u00ean, xin l\u01b0u \u00fd r\u1eb1ng vi\u1ec7c v\u00f4 hi\u1ec7u h\u00f3a c\u00e1c cookie c\u00f3 th\u1ec3 ng\u0103n c\u1ea3n b\u1ea1n truy c\u1eadp v\u00e0o m\u1ed9t s\u1ed1 t\u00ednh n\u0103ng c\u1ee7a trang web n\u00e0y. Do \u0111\u00f3 ch\u00fang t\u00f4i khuy\u00ean b\u1ea1n n\u00ean cho ph\u00e9p vi\u1ec7c s\u1eed d\u1ee5ng cookie.\u00a0<\/span><\/p>\n<p>&nbsp;<\/p>\n<p><b>\u0110I\u1ec0U 3. PH\u1ea0M VI S\u1eec D\u1ee4NG\u00a0<\/b><\/p>\n<ol>\n<li><span style=\"font-weight: 400;\"> Th\u00f4ng Tin Ip (Internet Protocol \u2013 Giao Th\u1ee9c Li\u00ean M\u1ea1ng), Cookies: s\u1eed d\u1ee5ng n\u1ed9i b\u1ed9 v\u1edbi m\u00fac \u0111\u00edch t\u1ed1i \u01b0u v\u00e0 ph\u00e1t tri\u1ec3n h\u1ec7 th\u1ed1ng.\u00a0<\/span><\/li>\n<\/ol>\n<p>&nbsp;<\/p>\n<ol start=\"2\">\n<li><span style=\"font-weight: 400;\"> Th\u00f4ng tin c\u00e1 nh\u00e2n: B\u1ea5t k\u1ef3 th\u00f4ng tin nh\u1eadn d\u1ea1ng c\u00e1 nh\u00e2n n\u00e0o b\u1ea1n cung c\u1ea5p trong <\/span><b>meadtech.com.vn <\/b><span style=\"font-weight: 400;\">\u0111\u1ec1u \u0111\u01b0\u1ee3c b\u1ea3o m\u1eadt. Ch\u00fang t\u00f4i s\u1ebd kh\u00f4ng ti\u1ebft l\u1ed9, b\u00e1n, chia s\u1ebb ho\u1eb7c \u0111\u1ec3 l\u1ed9 th\u00f4ng tin c\u1ee7a b\u1ea1n cho m\u1ed9t b\u00ean th\u1ee9 ba kh\u00e1c.\u00a0<\/span><\/li>\n<\/ol>\n<p>&nbsp;<\/p>\n<p><b>\u0110I\u1ec0U 4. QU\u1ea2N L\u00dd TH\u00d4NG TIN C\u00c1 NH\u00c2N\u00a0<\/b><\/p>\n<p><span style=\"font-weight: 400;\">Kh\u00e1ch h\u00e0ng c\u00f3 quy\u1ec1n cung c\u1ea5p th\u00f4ng tin c\u00e1 nh\u00e2n cho ch\u00fang t\u00f4i v\u00e0 c\u00f3 th\u1ec3 thay \u0111\u1ed5i quy\u1ebft \u0111\u1ecbnh \u0111\u00f3 v\u00e0o b\u1ea5t c\u1ee9 l\u00fac n\u00e0o.\u00a0<\/span><\/p>\n<p>&nbsp;<\/p>\n<p><span style=\"font-weight: 400;\">Kh\u00e1ch h\u00e0ng c\u00f3 quy\u1ec1n t\u1ef1 ki\u1ec3m tra, c\u1eadp nh\u1eadt, \u0111i\u1ec1u ch\u1ec9nh c\u00e1c th\u00f4ng tin c\u00e1 nh\u00e2n c\u1ee7a m\u00ecnh b\u1eb1ng c\u00e1ch g\u1eedi l\u1ea1i th\u00f4ng tin v\u00e0o m\u1ee5c \u201cLi\u00ean h\u1ec7\u201d \u0111\u1ec3 ch\u1ec9nh s\u1eeda th\u00f4ng tin c\u00e1 nh\u00e2n c\u1ee7a m\u00ecnh ho\u1eb7c y\u00eau c\u1ea7u ch\u00fang t\u00f4i th\u1ef1c hi\u1ec7n vi\u1ec7c n\u00e0y ho\u1eb7c y\u00eau c\u1ea7u ch\u00fang t\u00f4i lo\u1ea1i b\u1ecf th\u00f4ng tin c\u1ee7a b\u1ea1n ra kh\u1ecfi c\u01a1 s\u1edf d\u1eef li\u1ec7u c\u1ee7a ch\u00fang t\u00f4i.\u00a0<\/span><\/p>\n<p>&nbsp;<\/p>\n<p><span style=\"font-weight: 400;\">Kh\u00e1ch h\u00e0ng c\u00f3 th\u1ec3 th\u1ef1c hi\u1ec7n c\u00e1c quy\u1ec1n c\u1ee7a b\u1ea1n b\u1ea5t c\u1ee9 l\u00fac n\u00e0o b\u1eb1ng c\u00e1ch li\u00ean h\u1ec7 v\u1edbi ch\u00fang t\u00f4i, b\u1ea1n ch\u1ec9 c\u1ea7n g\u1eedi y\u00eau c\u1ea7u b\u1eb1ng v\u0103n b\u1ea3n theo \u0111\u1ecba ch\u1ec9 li\u00ean h\u1ec7 t\u1ea1i m\u1ee5c Th\u00f4ng tin li\u00ean h\u1ec7. <\/span><b>meadtech.com.vn <\/b><span style=\"font-weight: 400;\">s\u1ebd ti\u1ebfp nh\u1eadn th\u00f4ng tin, x\u00e1c \u0111\u1ecbnh danh t\u00ednh v\u00e0 h\u1ed7 tr\u1ee3 gi\u1ea3i quy\u1ebft y\u00eau c\u1ea7u c\u1ee7a kh\u00e1ch h\u00e0ng.\u00a0<\/span><\/p>\n<p>&nbsp;<\/p>\n<p><b>\u0110I\u1ec0U 5. TH\u1edcI GIAN L\u01afU TR\u1eee TH\u00d4NG TIN\u00a0<\/b><\/p>\n<p><span style=\"font-weight: 400;\">T\u1ea5t c\u1ea3 th\u00f4ng tin c\u00e1 nh\u00e2n c\u1ee7a kh\u00e1ch h\u00e0ng s\u1ebd \u0111\u01b0\u1ee3c l\u01b0u tr\u1eef cho \u0111\u1ebfn khi kh\u00e1ch h\u00e0ng y\u00eau c\u1ea7u h\u1ee7y b\u1ecf. B\u00ean c\u1ea1nh \u0111\u00f3, trong th\u1eddi gian l\u01b0u tr\u1eef th\u00f4ng tin, t\u1ea5t c\u1ea3 th\u00f4ng tin c\u00e1 nh\u00e2n m\u00e0 kh\u00e1ch h\u00e0ng cung c\u1ea5p s\u1ebd \u0111\u01b0\u1ee3c b\u1ea3o m\u1eadt c\u00f3 m\u00e3 h\u00f3a tr\u00ean m\u00e1y ch\u1ee7 c\u1ee7a <\/span><b>meadtech.com.vn<\/b><span style=\"font-weight: 400;\">.\u00a0<\/span><\/p>\n<p>&nbsp;<\/p>\n<p><b>\u0110I\u1ec0U 6. NH\u1eeeNG NG\u01af\u1edcI HO\u1eb6C T\u1ed4 CH\u1ee8C C\u00d3 TH\u1ec2 \u0110\u01af\u1ee2C TI\u1ebeP C\u1eacN V\u1edaI TH\u00d4NG TIN\u00a0<\/b><\/p>\n<p><span style=\"font-weight: 400;\">6.1. Tr\u01b0\u1eddng h\u1ee3p c\u00f3 th\u1ec3 cung c\u1ea5p th\u00f4ng tin\u00a0<\/span><\/p>\n<p><b>meadtech.com.vn<\/b><span style=\"font-weight: 400;\">se\u0303 kh\u00f4ng ti\u00ea\u0301t l\u1ed9 th\u00f4ng tin cho ca\u0301c b\u00ean th\u01b0\u0301 ba khi ch\u01b0a co\u0301 s\u01b0\u0323 \u0111\u00f4\u0300ng y\u0301 cu\u0309a kh\u00e1ch h\u00e0ng. Tuy nhi\u00ean, chu\u0301ng t\u00f4i co\u0301 th\u00ea\u0309 ti\u00ea\u0301t l\u1ed9 th\u00f4ng tin cu\u0309a kh\u00e1ch h\u00e0ng cho ca\u0301c pha\u0301p nh\u00e2n trong tr\u01b0\u1eddng h\u1ee3p:\u00a0<\/span><\/p>\n<p>&nbsp;<\/p>\n<p><span style=\"font-weight: 400;\">+ Nh\u01b0\u0303ng th\u00f4ng tin (t\u00ean, s\u00f4\u0301 \u0111i\u1ec7n thoa\u0323i va\u0300 email) la\u0300 c\u00f4ng khai \u0111\u00ea\u0309 \u0110\u1ed1i t\u00e1c \u2013 \u0110\u1ea1i l\u00fd c\u1ee7a ch\u00fang t\u00f4i, c\u00e1c h\u00e3ng v\u1eadn t\u1ea3i c\u00f3 th\u1ec3 li\u00ean h\u1ec7 v\u1edbi b\u1ea1n, c\u00e1c C\u1ed5ng thanh to\u00e1n giu\u0301p kh\u00e1ch h\u00e0ng thanh toa\u0301n. Nh\u01b0\u0303ng pha\u0301p nh\u00e2n na\u0300y b\u1ecb h\u1ea1n ch\u1ebf kha\u0309 n\u0103ng s\u01b0\u0309 du\u0323ng th\u00f4ng tin cu\u0309a kh\u00e1ch h\u00e0ng trong ph\u1ea1m vi d\u1ecbch v\u1ee5 cung c\u00e2\u0301p.\u00a0<\/span><\/p>\n<p>&nbsp;<\/p>\n<p><span style=\"font-weight: 400;\">+ Chu\u0301ng t\u00f4i cu\u0303ng co\u0301 th\u00ea\u0309 chia se\u0309 th\u00f4ng tin v\u01a1\u0301i \u0111\u00f4\u0301i ta\u0301c kinh doanh tin c\u1eady, k\u00ea\u0309 ca\u0309 ca\u0301c nha\u0300 ma\u0323ng di \u0111\u1ed9ng. Nh\u01b0\u0303ng pha\u0301p nh\u00e2n na\u0300y co\u0301 th\u00ea\u0309 s\u01b0\u0309 du\u0323ng th\u00f4ng tin cu\u0309a kh\u00e1ch h\u00e0ng \u0111\u00ea\u0309 cung c\u00e2\u0301p ca\u0301c di\u0323ch vu\u0323 ma\u0300 kh\u00e1ch h\u00e0ng y\u00eau c\u00e2\u0300u. Ho\u1eb7c n\u1ebfu \u0111\u1ed1i t\u00e1c c\u00f3 nhu c\u1ea7u th\u00ec ch\u00fang t\u00f4i co\u0301 th\u00ea\u0309 cung c\u00e2\u0301p cho \u0111\u1ed1i t\u00e1c ta\u0300i li\u1ec7u khuy\u1ebfn m\u1ea1i, qua\u0309ng ca\u0301o va\u0300 ca\u0301c ta\u0300i li\u1ec7u kha\u0301c.\u00a0<\/span><\/p>\n<p>&nbsp;<\/p>\n<p><span style=\"font-weight: 400;\">6.2. Tr\u01b0\u1eddng h\u1ee3p ph\u1ea3i cung c\u1ea5p th\u00f4ng tin\u00a0<\/span><\/p>\n<p><span style=\"font-weight: 400;\">Trong tr\u01b0\u1eddng h\u1ee3p c\u00f3 s\u1ef1 y\u00eau c\u1ea7u c\u1ee7a c\u01a1 quan ph\u00e1p lu\u1eadt ho\u1eb7c khi c\u1ea7n thi\u1ebft \u0111\u1ec3 b\u1ea3o v\u1ec7 D\u1ecbch v\u1ee5 c\u1ee7a ch\u00fang t\u00f4i, ch\u00fang t\u00f4i s\u1ebd cung c\u1ea5p th\u00f4ng tin trong tr\u01b0\u1eddng h\u1ee3p sau:\u00a0<\/span><\/p>\n<p>&nbsp;<\/p>\n<p><span style=\"font-weight: 400;\">+ \u0110\u00ea\u0309 tu\u00e2n thu\u0309 pha\u0301p lu\u1eadt ho\u1eb7c \u0111a\u0301p \u01b0\u0301ng quy tri\u0300nh pha\u0301p ly\u0301 b\u0103\u0301t bu\u1ed9c (ch\u0103\u0309ng ha\u0323n nh\u01b0 l\u1ec7nh kha\u0301m xe\u0301t ho\u1eb7c l\u1ec7nh kha\u0301c cu\u0309a to\u0300a).\u00a0<\/span><\/p>\n<p>&nbsp;<\/p>\n<p><span style=\"font-weight: 400;\">+ Xa\u0301c minh ho\u1eb7c thi ha\u0300nh vi\u1ec7c tu\u00e2n thu\u0309 ca\u0301c chi\u0301nh sa\u0301ch \u0111i\u1ec1u ch\u1ec9nh d\u1ecbch v\u1ee5 cu\u0309a chu\u0301ng t\u00f4i.\u00a0<\/span><\/p>\n<p>&nbsp;<\/p>\n<p><span style=\"font-weight: 400;\">+ Ba\u0309o v\u1ec7 quy\u00ea\u0300n v\u00e0 ngh\u0129a v\u1ee5, ta\u0300i sa\u0309n ho\u1eb7c s\u1ef1 an toa\u0300n cu\u0309a kh\u00e1ch h\u00e0ng v\u00e0 ca\u0301c c\u00f4ng ty li\u00ean k\u1ebft, \u0111\u00f4\u0301i ta\u0301c kinh doanh hay kha\u0301ch ha\u0300ng cu\u0309a chu\u0301ng t\u00f4i.\u00a0<\/span><\/p>\n<p>&nbsp;<\/p>\n<p><span style=\"font-weight: 400;\">+ Chu\u0301ng t\u00f4i co\u0301 th\u00ea\u0309 ti\u00ea\u0301t l\u1ed9 th\u00f4ng tin cho c\u00e1c b\u00ean kh\u00e1c c\u00f3 li\u00ean quan v\u1edbi giao d\u1ecbch c\u1ee7a c\u00f4ng ty cu\u0309a kh\u00e1ch h\u00e0ng cho b\u00ean th\u01b0\u0301 ba n\u1ebfu c\u01a1 quan ch\u1ee9c n\u0103ng c\u00f3 y\u00eau c\u1ea7u. Ngoa\u0300i ra, chu\u0301ng t\u00f4i co\u0301 th\u00ea\u0309 chia se\u0309 th\u00f4ng tin v\u00ea\u0300 kh\u00e1ch h\u00e0ng v\u01a1\u0301i ca\u0301c b\u00ean th\u01b0\u0301 ba khi nh\u1eadn \u0111\u01b0\u1ee3c s\u1ef1 ch\u1ea5p thu\u1eadn c\u1ee7a kh\u00e1ch h\u00e0ng.\u00a0<\/span><\/p>\n<p>&nbsp;<\/p>\n<p><b>\u0110I\u1ec0U 7. AN TO\u00c0N D\u1eee LI\u1ec6U\u00a0<\/b><\/p>\n<p><span style=\"font-weight: 400;\">Ch\u00fang t\u00f4i lu\u00f4n n\u1ed7 l\u1ef1c \u0111\u1ec3 gi\u1eef an to\u00e0n th\u00f4ng tin c\u00e1 nh\u00e2n c\u1ee7a kh\u00e1ch h\u00e0ng, ch\u00fang t\u00f4i \u0111\u00e3 v\u00e0 \u0111ang th\u1ef1c hi\u1ec7n nhi\u1ec1u bi\u1ec7n ph\u00e1p an to\u00e0n, bao g\u1ed3m:\u00a0<\/span><\/p>\n<p>&nbsp;<\/p>\n<p><span style=\"font-weight: 400;\">1)\u00a0 \u00a0 B\u1ea3o \u0111\u1ea3m an to\u00e0n trong m\u00f4i tr\u01b0\u1eddng v\u1eadn h\u00e0nh: ch\u00fang t\u00f4i l\u01b0u tr\u1eef th\u00f4ng tin c\u00e1 nh\u00e2n kh\u00e1ch h\u00e0ng trong m\u00f4i tr\u01b0\u1eddng v\u1eadn h\u00e0nh an to\u00e0n v\u00e0 ch\u1ec9 c\u00f3 nh\u00e2n vi\u00ean, \u0111\u1ea1i di\u1ec7n v\u00e0 nh\u00e0 cung c\u1ea5p d\u1ecbch v\u1ee5 c\u00f3 th\u1ec3 truy c\u1eadp tr\u00ean c\u01a1 s\u1edf c\u1ea7n ph\u1ea3i bi\u1ebft. Ch\u00fang t\u00f4i tu\u00e2n theo c\u00e1c ti\u00eau chu\u1ea9n ng\u00e0nh, ph\u00e1p lu\u1eadt trong vi\u1ec7c b\u1ea3o m\u1eadt th\u00f4ng tin c\u00e1 nh\u00e2n kh\u00e1ch h\u00e0ng.\u00a0<\/span><\/p>\n<p>&nbsp;<\/p>\n<p><span style=\"font-weight: 400;\">2)\u00a0 \u00a0 Trong tr\u01b0\u1eddng h\u1ee3p m\u00e1y ch\u1ee7 l\u01b0u tr\u1eef th\u00f4ng tin b\u1ecb hacker t\u1ea5n c\u00f4ng d\u1eabn \u0111\u1ebfn m\u1ea5t m\u00e1t d\u1eef li\u1ec7u c\u00e1 nh\u00e2n kh\u00e1ch h\u00e0ng, ch\u00fang t\u00f4i s\u1ebd c\u00f3 tr\u00e1ch nhi\u1ec7m th\u00f4ng b\u00e1o v\u1ee5 vi\u1ec7c cho c\u01a1 quan ch\u1ee9c n\u0103ng \u0111\u1ec3 \u0111i\u1ec1u tra x\u1eed l\u00fd k\u1ecbp th\u1eddi v\u00e0 th\u00f4ng b\u00e1o cho kh\u00e1ch h\u00e0ng \u0111\u01b0\u1ee3c bi\u1ebft.\u00a0<\/span><\/p>\n<p>&nbsp;<\/p>\n<p><span style=\"font-weight: 400;\">3)\u00a0 \u00a0 C\u00e1c th\u00f4ng tin thanh to\u00e1n: \u0111\u01b0\u1ee3c b\u1ea3o m\u1eadt theo ti\u00eau chu\u1ea9n ng\u00e0nh.\u00a0<\/span><\/p>\n<p>&nbsp;<\/p>\n<p><b>\u0110I\u1ec0U 8. C\u01a0 CH\u1ebe TI\u1ebeP NH\u1eacN V\u00c0 GI\u1ea2I QUY\u1ebeT KHI\u1ebeU N\u1ea0I C\u1ee6A NG\u01af\u1edcI D\u00d9NG LI\u00caN QUAN \u0110\u1ebeN VI\u1ec6C TH\u00d4NG TIN C\u00c1 NH\u00c2N B\u1eca S\u1eec D\u1ee4NG SAI M\u1ee4C \u0110\u00cdCH HO\u1eb6C SAI PH\u1ea0M VI\u00a0<\/b><\/p>\n<p><span style=\"font-weight: 400;\">Khi ph\u00e1t hi\u1ec7n th\u00f4ng tin c\u00e1 nh\u00e2n c\u1ee7a m\u00ecnh b\u1ecb s\u1eed d\u1ee5ng sai m\u1ee5c \u0111\u00edch ho\u1eb7c ph\u1ea1m vi, kh\u00e1ch h\u00e0ng g\u1eedi khi\u1ebfu n\u1ea1i \u0111\u1ebfn Ban Qu\u1ea3n tr\u1ecb <\/span><b>meadtech.com.vn <\/b><span style=\"font-weight: 400;\">th\u00f4ng qua email <\/span><a href=\"mailto:congty.meadtech@gmail.com\"><span style=\"font-weight: 400;\">congty.meadtech@gmail.com<\/span><\/a> <span style=\"font-weight: 400;\">ho\u1eb7c g\u1ecdi \u0111i\u1ec7n tho\u1ea1i t\u1edbi s\u1ed1 <\/span><b>(+84) 984 318 489 <\/b><span style=\"font-weight: 400;\">\u0111\u1ec3 khi\u1ebfu n\u1ea1i v\u00e0 cung c\u1ea5p ch\u1ee9ng c\u1ee9 li\u00ean quan t\u1edbi v\u1ee5 vi\u1ec7c.\u00a0<\/span><\/p>\n<p>&nbsp;<\/p>\n<p><span style=\"font-weight: 400;\">Sau khi ti\u1ebfp nh\u1eadn th\u00f4ng tin khi\u1ebfu n\u1ea1i, Yakara s\u1ebd x\u00e1c nh\u1eadn l\u1ea1i th\u00f4ng tin, c\u00f3 tr\u00e1ch nhi\u1ec7m gi\u1ea3i quy\u1ebft khi\u1ebfu n\u1ea1i cho kh\u00e1ch h\u00e0ng. Ch\u00fang t\u00f4i cam k\u1ebft s\u1ebd ph\u1ea3n h\u1ed3i ngay l\u1eadp t\u1ee9c ho\u1eb7c mu\u1ed9n nh\u1ea5t l\u00e0 trong v\u00f2ng 24 gi\u1edd l\u00e0m vi\u1ec7c k\u1ec3 t\u1eeb th\u1eddi \u0111i\u1ec3m nh\u1eadn \u0111\u01b0\u1ee3c khi\u1ebfu n\u1ea1i.<\/span><\/p>\n<p>&nbsp;<\/p>\n<p><b>\u0110I\u1ec0U 9. TH\u00d4NG TIN LI\u00caN H\u1ec6 C\u1ee6A \u0110\u01a0N V\u1eca THU TH\u1eacP V\u00c0 QU\u1ea2N L\u00dd TH\u00d4NG TIN C\u00c1 NH\u00c2N\u00a0<\/b><\/p>\n<p><span style=\"font-weight: 400;\">Th\u00f4ng tin li\u00ean h\u1ec7 tr\u1ef1c ti\u1ebfp c\u1ee7a ch\u00fang t\u00f4i:\u00a0<\/span><\/p>\n<p>&nbsp;<\/p>\n<ul>\n<li style=\"font-weight: 400;\" aria-level=\"1\"><span style=\"font-weight: 400;\">C\u00d4NG TY C\u1ed4 PH\u1ea6N GI\u1ea2I PH\u00c1P K\u1ef8 THU\u1eacT V\u00c0 C\u00d4NG NGH\u1ec6 MEAD<\/span><\/li>\n<li style=\"font-weight: 400;\" aria-level=\"1\"><span style=\"font-weight: 400;\">\u0110\u1ecba ch\u1ec9: Th\u00f4n \u0110\u1ed1ng Xung, X\u00e3 Th\u1eafng L\u1ee3i, Huy\u1ec7n Th\u01b0\u1eddng T\u00edn, Th\u00e0nh ph\u1ed1 H\u00e0 N\u1ed9i, Vi\u1ec7t Nam<\/span><\/li>\n<li style=\"font-weight: 400;\" aria-level=\"1\"><span style=\"font-weight: 400;\">Hotline: (+84) 984 318 489<\/span><\/li>\n<li style=\"font-weight: 400;\" aria-level=\"1\"><span style=\"font-weight: 400;\">Email: <\/span><a href=\"mailto:congty.meadtech@gmail.com\"><span style=\"font-weight: 400;\">congty.meadtech@gmail.com<\/span><\/a><\/li>\n<\/ul>\n<p>&nbsp;<\/p>\n<p><b>\u0110I\u1ec0U 10. CAM K\u1ebeT B\u1ea2O M\u1eacT TH\u00d4NG TIN C\u00c1 NH\u00c2N KH\u00c1CH H\u00c0NG\u00a0<\/b><\/p>\n<p><b>meadtech.com.vn <\/b><span style=\"font-weight: 400;\">\u00a0<\/span><span style=\"font-weight: 400;\">tr\u00e2n tr\u1ecdng quan h\u1ec7 v\u1edbi kh\u00e1ch h\u00e0ng v\u00e0 ng\u01b0\u1eddi d\u00f9ng. Ch\u00fang t\u00f4i n\u1ed7 l\u1ef1c \u0111\u1ea3m b\u1ea3o cung c\u1ea5p th\u00f4ng tin c\u00f3 tr\u00e1ch nhi\u1ec7m v\u00e0 h\u1ec7 th\u1ed1ng ho\u1ea1t \u0111\u1ed9ng ch\u00ednh x\u00e1c.\u00a0<\/span><\/p>\n<p>&nbsp;<\/p>\n<p><span style=\"font-weight: 400;\">B\u1ea5t k\u1ef3 th\u00f4ng tin nh\u1eadn d\u1ea1ng c\u00e1 nh\u00e2n n\u00e0o b\u1ea1n cung c\u1ea5p trong m\u1ee5c \u201cLi\u00ean h\u1ec7\u201d \u0111\u1ec1u \u0111\u01b0\u1ee3c b\u1ea3o m\u1eadt. Th\u00f4ng tin ch\u1ec9 \u0111\u01b0\u1ee3c ti\u1ebft l\u1ed9 cho c\u00e1c nh\u00e0 cung c\u1ea5p, \u0111\u01a1n v\u1ecb v\u1eadn chuy\u1ec3n c\u00f3 li\u00ean quan. Ch\u00fang t\u00f4i s\u1ebd kh\u00f4ng ti\u1ebft l\u1ed9, b\u00e1n, chia s\u1ebb ho\u1eb7c \u0111\u1ec3 l\u1ed9 th\u00f4ng tin c\u1ee7a b\u1ea1n cho m\u1ed9t b\u00ean th\u1ee9 ba kh\u00e1c, s\u1eed d\u1ee5ng th\u00f4ng tin \u0111\u00fang ph\u1ea1m vi v\u00e0 m\u1ee5c \u0111\u00edch.\u00a0<\/span><\/p>\n<p>&nbsp;<\/p>\n<p><b>meadtech.com.vn <\/b><span style=\"font-weight: 400;\">\u00a0<\/span><span style=\"font-weight: 400;\">mong mu\u1ed1n mang l\u1ea1i c\u1ea3m gi\u00e1c an to\u00e0n cho b\u1ea1n khi b\u1ea1n truy c\u1eadp website c\u1ee7a ch\u00fang t\u00f4i. Ch\u00fang t\u00f4i cam k\u1ebft b\u1ea3o v\u1ec7 t\u1ea5t c\u1ea3 th\u00f4ng tin m\u00e0 ch\u00fang t\u00f4i nh\u1eadn \u0111\u01b0\u1ee3c t\u1eeb b\u1ea1n. \u0110\u1ec3 ng\u0103n ch\u1eb7n truy c\u1eadp tr\u00e1i ph\u00e9p, \u0111\u1ea3m b\u1ea3o s\u1eed d\u1ee5ng \u0111\u00fang th\u00f4ng tin, ch\u00fang t\u00f4i s\u1ebd s\u1eed d\u1ee5ng c\u00e1c ph\u01b0\u01a1ng ph\u00e1p v\u00e0 c\u00f4ng ngh\u1ec7 b\u1ea3o m\u1eadt Internet h\u1ee3p l\u00fd.<\/span><\/p>\n<p><span style=\"font-weight: 400;\">Ch\u00ednh s\u00e1ch b\u1ea3o m\u1eadt th\u00f4ng tin c\u00f3 th\u1ec3 thay \u0111\u1ed5i theo th\u1eddi gian ho\u1eb7c t\u00ecnh h\u00ecnh th\u1ef1c t\u1ebf. Ch\u00fang t\u00f4i c\u00f3 quy\u1ec1n s\u1eeda \u0111\u1ed5i ch\u00ednh s\u00e1ch b\u1ea3o m\u1eadt th\u00f4ng tin c\u00e1 nh\u00e2n b\u1ea5t c\u1ee9 l\u00fac n\u00e0o v\u00e0 kh\u00f4ng c\u1ea7n th\u00f4ng b\u00e1o tr\u01b0\u1edbc. Quy \u0111\u1ecbnh n\u00e0y kh\u00f4ng ph\u1ea3i l\u00e0 m\u1ed9t h\u1ee3p \u0111\u1ed3ng c\u00f3 hi\u1ec7u l\u1ef1c ph\u00e1p l\u00fd. Nh\u01b0ng, <\/span><b>meadtech.com.vn <\/b><span style=\"font-weight: 400;\">\u00a0<\/span><span style=\"font-weight: 400;\">cam k\u1ebft tu\u00e2n theo quy \u0111\u1ecbnh n\u00e0y \u0111\u1ec3 b\u1ea3o v\u1ec7 t\u1ea5t c\u1ea3 d\u1eef li\u1ec7u th\u00f4ng tin c\u1ee7a kh\u00e1ch h\u00e0ng.<\/span><\/p>\n","protected":false},"excerpt":{"rendered":"<p>Ch\u00ednh s\u00e1ch b\u1ea3o m\u1eadt th\u00f4ng tin c\u00e1 nh\u00e2n c\u1ee7a ng\u01b0\u1eddi d\u00f9ng: &nbsp; \u0110I\u1ec0U 1. S\u1ef0 CH\u1ea4P THU\u1eacN\u00a0 Sau khi kh\u00e1ch h\u00e0ng \u0111\u1ed3ng \u00fd, th\u00f4ng tin c\u1ee7a kh\u00e1ch h\u00e0ng s\u1ebd \u0111\u01b0\u1ee3c thu th\u1eadp b\u1edfi C\u00f4ng Ty C\u1ed5 Ph\u1ea7n Gi\u1ea3i Ph\u00e1p K\u1ef9 Thu\u1eadt V\u00e0 C\u00f4ng Ngh\u1ec7 Mead (\u201cCh\u00fang t\u00f4i\u201d, \u201cMeadTech\u201d), v\u00e0 \u0111\u01b0\u1ee3c s\u1eed d\u1ee5ng nh\u01b0 quy \u0111\u1ecbnh &#8230; <a title=\"Ch\u00ednh s\u00e1ch b\u1ea3o m\u1eadt\" class=\"read-more\" href=\"https:\/\/meadtech.com.vn\/en\/chinh-sach-bao-mat\/\" aria-label=\"More on Ch\u00ednh s\u00e1ch b\u1ea3o m\u1eadt\">Read more<\/a><\/p>\n","protected":false},"author":1,"featured_media":0,"parent":0,"menu_order":0,"comment_status":"closed","ping_status":"closed","template":"","meta":[],"_links":{"self":[{"href":"https:\/\/meadtech.com.vn\/en\/wp-json\/wp\/v2\/pages\/1831"}],"collection":[{"href":"https:\/\/meadtech.com.vn\/en\/wp-json\/wp\/v2\/pages"}],"about":[{"href":"https:\/\/meadtech.com.vn\/en\/wp-json\/wp\/v2\/types\/page"}],"author":[{"embeddable":true,"href":"https:\/\/meadtech.com.vn\/en\/wp-json\/wp\/v2\/users\/1"}],"replies":[{"embeddable":true,"href":"https:\/\/meadtech.com.vn\/en\/wp-json\/wp\/v2\/comments?post=1831"}],"version-history":[{"count":0,"href":"https:\/\/meadtech.com.vn\/en\/wp-json\/wp\/v2\/pages\/1831\/revisions"}],"wp:attachment":[{"href":"https:\/\/meadtech.com.vn\/en\/wp-json\/wp\/v2\/media?parent=1831"}],"curies":[{"name":"wp","href":"https:\/\/api.w.org\/{rel}","templated":true}]}}