{"id":1832,"date":"2022-03-21T09:09:32","date_gmt":"2022-03-21T09:09:32","guid":{"rendered":"https:\/\/meadtech.com.vn\/dieu-khoan-su-dung\/"},"modified":"2022-03-21T09:09:32","modified_gmt":"2022-03-21T09:09:32","slug":"dieu-khoan-su-dung","status":"publish","type":"page","link":"https:\/\/meadtech.com.vn\/en\/dieu-khoan-su-dung\/","title":{"rendered":"\u0110i\u1ec1u kho\u1ea3n s\u1eed d\u1ee5ng"},"content":{"rendered":"<p><span style=\"font-weight: 400;\">\u0110i\u1ec1u kho\u1ea3n \u0111\u01b0\u1ee3c x\u00e2y d\u1ef1ng nh\u1eb1m thi\u1ebft l\u1eadp th\u1ecfa thu\u1eadn r\u00f5 r\u00e0ng gi\u1eefa ng\u01b0\u1eddi d\u00f9ng v\u00e0 c\u00f4ng ty.<\/span><\/p>\n<p><span style=\"font-weight: 400;\">Th\u00f4ng qua vi\u1ec7c truy c\u1eadp, duy\u1ec7t n\u1ed9i dung, ho\u1eb7c s\u1eed d\u1ee5ng b\u1ea5t k\u00ec n\u1ed9i dung, h\u00ecnh \u1ea3nh n\u00e0o c\u1ee7a trang th\u00f4ng tin \u0111i\u1ec7n t\u1eed n\u00e0y, b\u1ea1n (ng\u01b0\u1eddi s\u1eed d\u1ee5ng) c\u00f4ng nh\u1eadn r\u1eb1ng b\u1ea1n \u0111\u00e3 \u0111\u1ecdc, hi\u1ec3u v\u00e0 nh\u1ea5t tr\u00ed v\u1edbi vi\u1ec7c tu\u00e2n th\u1ee7 c\u00e1c quy \u0111\u1ecbnh c\u1ee7a nh\u1eefng \u0111i\u1ec1u kho\u1ea3n n\u00e0y. N\u1ebfu b\u1ea1n kh\u00f4ng nh\u1ea5t tr\u00ed v\u1edbi nh\u1eefng \u0111i\u1ec1u kho\u1ea3n n\u00e0y, xin vui l\u00f2ng kh\u00f4ng s\u1eed d\u1ee5ng trang th\u00f4ng tin \u0111i\u1ec7n t\u1eed n\u00e0y.<\/span><\/p>\n<p><span style=\"font-weight: 400;\">Ch\u00fang t\u00f4i ch\u1ecbu tr\u00e1ch nhi\u1ec7m \u0111\u1ea3m b\u1ea3o t\u00ednh h\u1ee3p ph\u00e1p c\u1ee7a vi\u1ec7c cung c\u1ea5p n\u1ed9i dung tr\u00ean website \u0111\u1ebfn ng\u01b0\u1eddi s\u1eed d\u1ee5ng. M\u1ecdi th\u00f4ng tin, h\u00ecnh \u1ea3nh v\u00e0 to\u00e0n b\u1ed9 n\u1ed9i dung \u0111\u01b0\u1ee3c \u0111\u0103ng t\u1ea3i tr\u00ean website tu\u00e2n th\u1ee7 c\u00e1c quy \u0111\u1ecbnh c\u1ee7a ph\u00e1p lu\u1eadt, v\u00e0 ph\u00f9 h\u1ee3p v\u1edbi thu\u1ea7n phong m\u1ef9 t\u1ee5c Vi\u1ec7t Nam.<\/span><\/p>\n<p><i><span style=\"font-weight: 400;\">Quy\u1ec1n v\u00e0 tr\u00e1ch nhi\u1ec7m c\u1ee7a ch\u00fang t\u00f4i<\/span><\/i><\/p>\n<ol>\n<li><span style=\"font-weight: 400;\"> Ch\u00fang t\u00f4i c\u00f3 quy\u1ec1n thay \u0111\u1ed5i v\u00e0\/ho\u1eb7c ch\u1ea5m d\u1ee9t c\u00e1c n\u1ed9i dung, t\u00ednh n\u0103ng c\u1ee7a m\u1ed9t ph\u1ea7n hay to\u00e0n b\u1ed9 website m\u00e0 kh\u00f4ng c\u1ea7n th\u00f4ng b\u00e1o tr\u01b0\u1edbc v\u1edbi ng\u01b0\u1eddi s\u1eed d\u1ee5ng.<\/span><\/li>\n<li><span style=\"font-weight: 400;\"> Ch\u00fang t\u00f4i c\u00f3 quy\u1ec1n th\u1ef1c hi\u1ec7n c\u00e1c bi\u1ec7n ph\u00e1p an ninh \u0111\u1ec3 b\u1ea3o v\u1ec7 v\u00e0 ch\u1ed1ng c\u00e1c truy c\u1eadp tr\u00e1i ph\u00e9p ho\u1eb7c s\u1eeda \u0111\u1ed5i tr\u00e1i ph\u00e9p, ti\u1ebft l\u1ed9 ho\u1eb7c ph\u00e1 h\u1ee7y th\u00f4ng tin.<\/span><\/li>\n<li><span style=\"font-weight: 400;\"> Ch\u00fang t\u00f4i c\u00f3 quy\u1ec1n th\u1ef1c hi\u1ec7n c\u00e1c bi\u1ec7n ph\u00e1p an ninh \u0111\u1ec3 b\u1ea3o v\u1ec7 v\u00e0 ch\u1ed1ng l\u1ea1i c\u00e1c truy c\u1eadp tr\u00e1i ph\u00e9p ho\u1eb7c s\u1eeda \u0111\u1ed5i tr\u00e1i ph\u00e9p, ti\u1ebft l\u1ed9 ho\u1eb7c ph\u00e1 h\u1ee7y th\u00f4ng tin tr\u00ean website.<\/span><\/li>\n<li><span style=\"font-weight: 400;\"> Khi s\u1eed d\u1ee5ng website, th\u00f4ng tin s\u1ebd \u0111\u01b0\u1ee3c truy\u1ec1n qua m\u1ed9t ph\u01b0\u01a1ng ti\u1ec7n\/thi\u1ebft b\u1ecb n\u1eb1m ngo\u00e0i s\u1ef1 ki\u1ec3m so\u00e1t c\u1ee7a ch\u00fang t\u00f4i. Theo \u0111\u00f3, ch\u00fang t\u00f4i s\u1ebd kh\u00f4ng ch\u1ecbu tr\u00e1ch nhi\u1ec7m cho ho\u1eb7c li\u00ean quan \u0111\u1ebfn b\u1ea5t k\u1ef3 s\u1ef1 ch\u1eadm tr\u1ec5, th\u1ea5t b\u1ea1i, b\u1ecb gi\u00e1n \u0111o\u1ea1n c\u1ee7a b\u1ea5t k\u1ef3 d\u1eef li\u1ec7u ho\u1eb7c c\u00e1c th\u00f4ng tin kh\u00e1c \u0111\u01b0\u1ee3c truy\u1ec1n trong k\u1ebft n\u1ed1i v\u1edbi vi\u1ec7c s\u1eed d\u1ee5ng c\u1ee7a website.<\/span><\/li>\n<\/ol>\n<p><i><span style=\"font-weight: 400;\">Quy\u1ec1n v\u00e0 tr\u00e1ch nhi\u1ec7m c\u1ee7a b\u1ea1n (ng\u01b0\u1eddi s\u1eed d\u1ee5ng)<\/span><\/i><\/p>\n<ol>\n<li><span style=\"font-weight: 400;\"> B\u1ea1n c\u00f3 th\u1ec3 t\u1ea3i l\u00ean v\u00e0\/ho\u1eb7c t\u1ea3i v\u1ec1 n\u1ed9i dung.<\/span><\/li>\n<li><span style=\"font-weight: 400;\"> B\u1ea1n \u0111\u1ed3ng \u00fd r\u1eb1ng sau khi ho\u00e0n t\u1ea5t vi\u1ec7c \u0111\u0103ng k\u00fd ho\u1eb7c c\u00f9ng v\u1edbi vi\u1ec7c s\u1eed d\u1ee5ng m\u1ed9t s\u1ed1 d\u1ecbch v\u1ee5, b\u1ea1n c\u00f3 th\u1ec3 nh\u1eadn \u0111\u01b0\u1ee3c th\u00f4ng tin li\u00ean quan \u0111\u1ebfn ch\u00fang t\u00f4i, d\u1ecbch v\u1ee5 c\u1ee5 th\u1ec3 \u0111\u00e3 s\u1eed d\u1ee5ng ho\u1eb7c c\u00e1c s\u1ea3n ph\u1ea9m hay d\u1ecbch v\u1ee5 kh\u00e1c.<\/span><\/li>\n<li><span style=\"font-weight: 400;\"> B\u1ea1n \u0111\u1ea3m b\u1ea3o tu\u00e2n theo ph\u00e1p lu\u1eadt v\u00e0 c\u00e1c quy \u0111\u1ecbnh li\u00ean quan \u0111\u1ebfn vi\u1ec7c s\u1eed d\u1ee5ng website c\u1ee7a ch\u00fang t\u00f4i; Kh\u00f4ng can thi\u1ec7p, g\u00e2y \u1ea3nh h\u01b0\u1edfng \u0111\u1ebfn vi\u1ec7c s\u1eed d\u1ee5ng website c\u1ee7a nh\u1eefng ng\u01b0\u1eddi s\u1eed d\u1ee5ng kh\u00e1c; Kh\u00f4ng can thi\u1ec7p v\u00e0o ho\u1ea1t \u0111\u1ed9ng v\u00e0 qu\u1ea3n l\u00fd website c\u1ee7a ch\u00fang t\u00f4i.<\/span><\/li>\n<li><span style=\"font-weight: 400;\"> B\u1ea1n nh\u1eadn th\u1ee9c r\u00f5 v\u00e0 ch\u1ea5p nh\u1eadn r\u1eb1ng ch\u00fang t\u00f4i v\u00e0\/ho\u1eb7c c\u00e1c c\u00f4ng ty th\u00e0nh vi\u00ean\/\u0111\u01a1n v\u1ecb tr\u1ef1c thu\u1ed9c \/nh\u00e2n vi\u00ean ch\u00fang t\u00f4i kh\u00f4ng ch\u1ecbu tr\u00e1ch nhi\u1ec7m \u0111\u1ed1i v\u1edbi b\u1ea5t k\u1ef3 t\u1ed5n th\u1ea5t, thi\u1ec7t h\u1ea1i, chi ph\u00ed ph\u00e1t sinh t\u1eeb b\u1ea5t k\u1ef3 quy\u1ebft \u0111\u1ecbnh n\u00e0o c\u1ee7a b\u1ea1n khi s\u1eed d\u1ee5ng b\u1ea5t k\u1ef3 th\u00f4ng tin n\u00e0o tr\u00ean website v\u1edbi b\u1ea5t k\u1ef3 nguy\u00ean nh\u00e2n g\u00ec.<\/span><\/li>\n<li><span style=\"font-weight: 400;\"> N\u1ebfu b\u1ea1n kh\u00f4ng b\u1eb1ng l\u00f2ng v\u1edbi b\u1ea5t k\u1ef3 th\u00f4ng tin n\u00e0o tr\u00ean Website ho\u1eb7c v\u1edbi b\u1ea5t k\u1ef3 \u0111i\u1ec1u kho\u1ea3n v\u00e0 \u0111i\u1ec1u ki\u1ec7n s\u1eed d\u1ee5ng th\u00f4ng tin tr\u00ean Website n\u00e0y th\u00ec ph\u01b0\u01a1ng th\u1ee9c duy nh\u1ea5t b\u1ea1n n\u00ean th\u1ef1c hi\u1ec7n l\u00e0 ch\u1ea5m d\u1ee9t truy c\u1eadp\/s\u1eed d\u1ee5ng th\u00f4ng tin tr\u00ean website.<\/span><\/li>\n<\/ol>\n","protected":false},"excerpt":{"rendered":"<p>\u0110i\u1ec1u kho\u1ea3n \u0111\u01b0\u1ee3c x\u00e2y d\u1ef1ng nh\u1eb1m thi\u1ebft l\u1eadp th\u1ecfa thu\u1eadn r\u00f5 r\u00e0ng gi\u1eefa ng\u01b0\u1eddi d\u00f9ng v\u00e0 c\u00f4ng ty. Th\u00f4ng qua vi\u1ec7c truy c\u1eadp, duy\u1ec7t n\u1ed9i dung, ho\u1eb7c s\u1eed d\u1ee5ng b\u1ea5t k\u00ec n\u1ed9i dung, h\u00ecnh \u1ea3nh n\u00e0o c\u1ee7a trang th\u00f4ng tin \u0111i\u1ec7n t\u1eed n\u00e0y, b\u1ea1n (ng\u01b0\u1eddi s\u1eed d\u1ee5ng) c\u00f4ng nh\u1eadn r\u1eb1ng b\u1ea1n \u0111\u00e3 \u0111\u1ecdc, hi\u1ec3u v\u00e0 &#8230; <a title=\"\u0110i\u1ec1u kho\u1ea3n s\u1eed d\u1ee5ng\" class=\"read-more\" href=\"https:\/\/meadtech.com.vn\/en\/dieu-khoan-su-dung\/\" aria-label=\"More on \u0110i\u1ec1u kho\u1ea3n s\u1eed d\u1ee5ng\">Read more<\/a><\/p>\n","protected":false},"author":1,"featured_media":0,"parent":0,"menu_order":0,"comment_status":"closed","ping_status":"closed","template":"","meta":[],"_links":{"self":[{"href":"https:\/\/meadtech.com.vn\/en\/wp-json\/wp\/v2\/pages\/1832"}],"collection":[{"href":"https:\/\/meadtech.com.vn\/en\/wp-json\/wp\/v2\/pages"}],"about":[{"href":"https:\/\/meadtech.com.vn\/en\/wp-json\/wp\/v2\/types\/page"}],"author":[{"embeddable":true,"href":"https:\/\/meadtech.com.vn\/en\/wp-json\/wp\/v2\/users\/1"}],"replies":[{"embeddable":true,"href":"https:\/\/meadtech.com.vn\/en\/wp-json\/wp\/v2\/comments?post=1832"}],"version-history":[{"count":0,"href":"https:\/\/meadtech.com.vn\/en\/wp-json\/wp\/v2\/pages\/1832\/revisions"}],"wp:attachment":[{"href":"https:\/\/meadtech.com.vn\/en\/wp-json\/wp\/v2\/media?parent=1832"}],"curies":[{"name":"wp","href":"https:\/\/api.w.org\/{rel}","templated":true}]}}